{"id":503,"date":"2021-02-08T10:37:52","date_gmt":"2021-02-08T09:37:52","guid":{"rendered":"https:\/\/spdortenberg.de\/wp\/?page_id=503"},"modified":"2021-02-08T11:02:05","modified_gmt":"2021-02-08T10:02:05","slug":"kultur","status":"publish","type":"page","link":"https:\/\/spdortenberg.de\/wp\/kultur\/","title":{"rendered":"Kultur"},"content":{"rendered":"<h1>KULTUR<\/h1>\n<p>Kultur bereichert unser Leben. Sie ist eine wichtige S\u00e4ule unserer Gesellschaft, schafft Begegnungen und erm\u00f6glicht den Dialog in unserer Gesellschaft. Hier k\u00f6nnen sich Vielfalt und Toleranz entfalten, die ein entscheidender Beitrag zum guten Miteinander sind.<\/p>\n<p>Dabei ist das freiwillige und ehrenamtliche Engagement der B\u00fcrgerinnen und B\u00fcrger in den Vereinen ein gro\u00dfes Kapital, und ein breit gef\u00e4chertes Angebot an Kulturveranstaltungen l\u00e4sst unsere Gemeinde lebens- und liebenswert werden.<\/p>\n<p>Die SPD Ortenberg setzt sich daf\u00fcr ein, dass genau diese in der Region und dar\u00fcber hinaus bekannte kulturelle Vielfalt Ortenbergs erhalten bleiben kann und unterst\u00fctzt wird. Wir wollen uns daf\u00fcr stark machen, junge K\u00fcnstlerinnen und K\u00fcnstlern eine Chance zur Pr\u00e4sentation zu geben und die ehrenamtliche kulturelle Arbeit zu f\u00f6rdern. Dazu geh\u00f6ren selbstverst\u00e4ndlich auch das Musikinstrumentenmuseum, das Museum am Schloss sowie das Fossminerum, Kloster Konradsdorf und die Kleinkunstb\u00fchne in der Altstadt.<\/p>\n<h3>Unsere Ziele:<\/h3>\n<ul>\n<li>Erhalt und St\u00e4rkung des Ortenberger Kulturangebotes<\/li>\n<li>Unterst\u00fctzung der Ortenberger Kulturschaffenden<\/li>\n<li>Unterst\u00fctzung der B\u00fcchereien in Bleichenbach und Ortenberg<\/li>\n<li>F\u00f6rderung der ehrenamtlichen Kulturarbeit von B\u00fcrgerinnen und B\u00fcrgern sowie der Vereine aller Ortsteile<\/li>\n<\/ul>\n<p><img loading=\"lazy\" decoding=\"async\" class=\"alignnone size-large wp-image-505\" src=\"https:\/\/spdortenberg.de\/wp\/wp-content\/uploads\/2021\/02\/Kultur-1024x729.jpg\" alt=\"\" width=\"688\" height=\"490\" srcset=\"https:\/\/spdortenberg.de\/wp\/wp-content\/uploads\/2021\/02\/Kultur-1024x729.jpg 1024w, https:\/\/spdortenberg.de\/wp\/wp-content\/uploads\/2021\/02\/Kultur-300x213.jpg 300w, https:\/\/spdortenberg.de\/wp\/wp-content\/uploads\/2021\/02\/Kultur-768x546.jpg 768w, https:\/\/spdortenberg.de\/wp\/wp-content\/uploads\/2021\/02\/Kultur.jpg 1040w\" sizes=\"auto, (max-width: 688px) 100vw, 688px\" \/><\/p>\n","protected":false},"excerpt":{"rendered":"<p>KULTUR Kultur bereichert unser Leben. Sie ist eine wichtige S\u00e4ule unserer Gesellschaft, schafft Begegnungen und erm\u00f6glicht den Dialog in unserer&hellip;<\/p>\n","protected":false},"author":2,"featured_media":0,"parent":0,"menu_order":0,"comment_status":"closed","ping_status":"closed","template":"","meta":{"footnotes":""},"class_list":["post-503","page","type-page","status-publish","hentry"],"_links":{"self":[{"href":"https:\/\/spdortenberg.de\/wp\/wp-json\/wp\/v2\/pages\/503","targetHints":{"allow":["GET"]}}],"collection":[{"href":"https:\/\/spdortenberg.de\/wp\/wp-json\/wp\/v2\/pages"}],"about":[{"href":"https:\/\/spdortenberg.de\/wp\/wp-json\/wp\/v2\/types\/page"}],"author":[{"embeddable":true,"href":"https:\/\/spdortenberg.de\/wp\/wp-json\/wp\/v2\/users\/2"}],"replies":[{"embeddable":true,"href":"https:\/\/spdortenberg.de\/wp\/wp-json\/wp\/v2\/comments?post=503"}],"version-history":[{"count":2,"href":"https:\/\/spdortenberg.de\/wp\/wp-json\/wp\/v2\/pages\/503\/revisions"}],"predecessor-version":[{"id":512,"href":"https:\/\/spdortenberg.de\/wp\/wp-json\/wp\/v2\/pages\/503\/revisions\/512"}],"wp:attachment":[{"href":"https:\/\/spdortenberg.de\/wp\/wp-json\/wp\/v2\/media?parent=503"}],"curies":[{"name":"wp","href":"https:\/\/api.w.org\/{rel}","templated":true}]}}