{"id":27,"date":"2019-10-11T17:36:12","date_gmt":"2019-10-11T15:36:12","guid":{"rendered":"http:\/\/spdortenberg.de\/wp\/?page_id=27"},"modified":"2025-08-14T22:31:27","modified_gmt":"2025-08-14T20:31:27","slug":"impressum","status":"publish","type":"page","link":"https:\/\/spdortenberg.de\/wp\/impressum\/","title":{"rendered":"Impressum"},"content":{"rendered":"<div id=\"pl-27\"  class=\"panel-layout\" ><div id=\"pg-27-0\"  class=\"panel-grid panel-no-style\" ><div id=\"pgc-27-0-0\"  class=\"panel-grid-cell\" ><div id=\"panel-27-0-0-0\" class=\"so-panel widget widget_sow-editor panel-first-child panel-last-child\" data-index=\"0\" ><div\n\t\t\t\n\t\t\tclass=\"so-widget-sow-editor so-widget-sow-editor-base\"\n\t\t\t\n\t\t>\n<div class=\"siteorigin-widget-tinymce textwidget\">\n\t<h1>Impressum<\/h1>\n<p><b>Herausgeber<\/b><br \/>\nSPD Ortenberg<br \/>\n63683 Ortenberg<\/p>\n<p>info@spdortenberg.de<\/p>\n<p><b>Vorsitzende<\/b><br \/>\nChristl Kn\u00f6pp<br \/>\n63683 Ortenberg<\/p>\n<p>c.knoepp@ortenberg.net<br \/>\ninfo@spdortenberg.de<\/p>\n<p>Verantwortlich f\u00fcr Telemedien nach \u00a7 5 TMG\/gem\u00e4\u00df \u00a7 55 RStV<br \/>\nVorsitzende der SPD Ortenberg, Christl Kn\u00f6pp<\/p>\n<h1>Disclaimer<\/h1>\n<h2>1. Haftungsbeschr\u00e4nkung<\/h2>\n<p>Die Inhalte dieser Website werden mit gr\u00f6\u00dftm\u00f6glicher Sorgfalt erstellt. Der Anbieter \u00fcbernimmt jedoch keine Gew\u00e4hr f\u00fcr die Richtigkeit, Vollst\u00e4ndigkeit und Aktualit\u00e4t der bereitgestellten Inhalte. Die Nutzung der Inhalte der Website erfolgt auf eigene Gefahr des Nutzers. Namentlich gekennzeichnete Beitr\u00e4ge geben die Meinung des jeweiligen Autors und nicht immer die Meinung des Anbieters wieder. Mit der reinen Nutzung der Website des Anbieters kommt keinerlei Vertragsverh\u00e4ltnis zwischen dem Nutzer und dem Anbieter zustande.<\/p>\n<h2>2. Externe Links<\/h2>\n<p>Diese Website enth\u00e4lt Verkn\u00fcpfungen zu Websites Dritter (\"externe Links\"). Diese Websites unterliegen der Haftung der jeweiligen Betreiber. Der Anbieter hat bei der erstmaligen Verkn\u00fcpfung der externen Links die fremden Inhalte daraufhin \u00fcberpr\u00fcft, ob etwaige Rechtsverst\u00f6\u00dfe bestehen. Zu dem Zeitpunkt waren keine Rechtsverst\u00f6\u00dfe ersichtlich. Der Anbieter hat keinerlei Einfluss auf die aktuelle und zuk\u00fcnftige Gestaltung und auf die Inhalte der verkn\u00fcpften Seiten. Das Setzen von externen Links bedeutet nicht, dass sich der Anbieter die hinter dem Verweis oder Link liegenden Inhalte zu Eigen macht. Eine st\u00e4ndige Kontrolle der externen Links ist f\u00fcr den Anbieter ohne konkrete Hinweise auf Rechtsverst\u00f6\u00dfe nicht zumutbar. Bei Kenntnis von Rechtsverst\u00f6\u00dfen werden jedoch derartige externe Links unverz\u00fcglich gel\u00f6scht.<\/p>\n<h2>3. Urheber- und Leistungsschutzrechte<\/h2>\n<p>Die auf dieser Website ver\u00f6ffentlichten Inhalte unterliegen dem deutschen Urheber- und Leistungsschutzrecht. Jede vom deutschen Urheber- und Leistungsschutzrecht nicht zugelassene Verwertung bedarf der vorherigen schriftlichen Zustimmung des Anbieters oder jeweiligen Rechteinhabers. Dies gilt insbesondere f\u00fcr Vervielf\u00e4ltigung, Bearbeitung, \u00dcbersetzung, Einspeicherung, Verarbeitung bzw. Wiedergabe von Inhalten in Datenbanken oder anderen elektronischen Medien und Systemen. Inhalte und Rechte Dritter sind dabei als solche gekennzeichnet. Die unerlaubte Vervielf\u00e4ltigung oder Weitergabe einzelner Inhalte oder kompletter Seiten ist nicht gestattet und strafbar. Lediglich die Herstellung von Kopien und Downloads f\u00fcr den pers\u00f6nlichen, privaten und nicht kommerziellen Gebrauch ist erlaubt.<\/p>\n<p>Die Darstellung dieser Website in fremden Frames ist nur mit schriftlicher Erlaubnis zul\u00e4ssig.<\/p>\n<h2>4. Datenschutz<\/h2>\n<p>\"Diese Website benutzt Google Analytics, einen Webanalysedienst der Google Inc. (\"Google\") Google Analytics verwendet sog. \"Cookies\", Textdateien, die auf Ihrem Computer gespeichert werden und die eine Analyse der Benutzung der Website durch Sie erm\u00f6glicht. Die durch den Cookie erzeugten Informationen \u00fcber Ihre Benutzung diese Website (einschlie\u00dflich Ihrer IP-Adresse) wird an einen Server von Google in den USA \u00fcbertragen und dort gespeichert. Google wird diese Informationen benutzen, um Ihre Nutzung der Website auszuwerten, um Reports \u00fcber die Websiteaktivit\u00e4ten f\u00fcr die Websitebetreiber zusammenzustellen und um weitere mit der Websitenutzung und der Internetnutzung verbundene Dienstleistungen zu erbringen. Auch wird Google diese Informationen gegebenenfalls an Dritte \u00fcbertragen, sofern dies gesetzlich vorgeschrieben oder soweit Dritte diese Daten im Auftrag von Google verarbeiten. Google wird in keinem Fall Ihre IP-Adresse mit anderen Daten der Google in Verbindung bringen. Sie k\u00f6nnen die Installation der Cookies durch eine entsprechende Einstellung Ihrer Browser Software verhindern; wir weisen Sie jedoch darauf hin, dass Sie in diesem Fall gegebenenfalls nicht s\u00e4mtliche Funktionen dieser Website voll umf\u00e4nglich nutzen k\u00f6nnen. Durch die Nutzung dieser Website erkl\u00e4ren Sie sich mit der Bearbeitung der \u00fcber Sie erhobenen Daten durch Google in der zuvor beschriebenen Art und Weise und zu dem zuvor benannten Zweck einverstanden.\"<\/p>\n<p>Der Anbieter weist ausdr\u00fccklich darauf hin, dass die Daten\u00fcbertragung im Internet (z.B. bei der Kommunikation per E-Mail) Sicherheitsl\u00fccken aufweisen und nicht l\u00fcckenlos vor dem Zugriff durch Dritte gesch\u00fctzt werden kann.<\/p>\n<p>Die Verwendung der Kontaktdaten des Impressums zur gewerblichen Werbung ist ausdr\u00fccklich nicht erw\u00fcnscht, es sei denn der Anbieter hatte zuvor seine schriftliche Einwilligung erteilt oder es besteht bereits eine Gesch\u00e4ftsbeziehung. Der Anbieter und alle auf dieser Website genannten Personen widersprechen hiermit jeder kommerziellen Verwendung und Weitergabe ihrer Daten.<\/p>\n<h2>5. Besondere Nutzungsbedingungen<\/h2>\n<p>Soweit besondere Bedingungen f\u00fcr einzelne Nutzungen dieser Website von den vorgenannten Nummern 1. bis 4. abweichen, wird an entsprechender Stelle ausdr\u00fccklich darauf hingewiesen. In diesem Falle gelten im jeweiligen Einzelfall die besonderen Nutzungsbedingungen.<\/p>\n<p><b>Quelle:<\/b> Disclaimer von <a class=\"orange\" href=\"juraforum.de\" target=\"_blank\" rel=\"noopener\">Juraforum.de<\/a> &amp; <a class=\"orange\" href=\"bista.de\" target=\"_blank\" rel=\"noopener\">bista.de<\/a> &amp; <a class=\"orange\" href=\"experten-branchenbuch.de\" target=\"_blank\" rel=\"noopener\">Experten-branchenbuch.de<\/a><\/p>\n<h3>Design und technische Realisierung:<\/h3>\n<p><a href=\"https:\/\/www.reinemer-media.de\" target=\"_blank\" rel=\"noopener\"><img decoding=\"async\" src=\"https:\/\/reinemer-media.de\/img\/logo_rm.png\" alt=\"reinemer media\" width=\"250\" \/><\/a><br \/>\nInh. Melissa Reinemer<br \/>\nParkstra\u00dfe 37 \u00b7 63667 Nidda<br \/>\n<span style=\"color: #ffcb08;\"><a style=\"color: #ffcb08;\" href=\"http:\/\/www.reinemer-media.de\" target=\"_blank\" rel=\"noopener\">www.reinemer-media.de<\/a><\/span><\/p>\n<\/div>\n<\/div><\/div><\/div><\/div><\/div>","protected":false},"excerpt":{"rendered":"<p>Impressum Herausgeber SPD Ortenberg 63683 Ortenberg info@spdortenberg.de Vorsitzende Christl Kn\u00f6pp 63683 Ortenberg c.knoepp@ortenberg.net info@spdortenberg.de Verantwortlich f\u00fcr Telemedien nach \u00a7 5&hellip;<\/p>\n","protected":false},"author":1,"featured_media":0,"parent":0,"menu_order":0,"comment_status":"closed","ping_status":"closed","template":"","meta":{"footnotes":""},"class_list":["post-27","page","type-page","status-publish","hentry"],"_links":{"self":[{"href":"https:\/\/spdortenberg.de\/wp\/wp-json\/wp\/v2\/pages\/27","targetHints":{"allow":["GET"]}}],"collection":[{"href":"https:\/\/spdortenberg.de\/wp\/wp-json\/wp\/v2\/pages"}],"about":[{"href":"https:\/\/spdortenberg.de\/wp\/wp-json\/wp\/v2\/types\/page"}],"author":[{"embeddable":true,"href":"https:\/\/spdortenberg.de\/wp\/wp-json\/wp\/v2\/users\/1"}],"replies":[{"embeddable":true,"href":"https:\/\/spdortenberg.de\/wp\/wp-json\/wp\/v2\/comments?post=27"}],"version-history":[{"count":8,"href":"https:\/\/spdortenberg.de\/wp\/wp-json\/wp\/v2\/pages\/27\/revisions"}],"predecessor-version":[{"id":881,"href":"https:\/\/spdortenberg.de\/wp\/wp-json\/wp\/v2\/pages\/27\/revisions\/881"}],"wp:attachment":[{"href":"https:\/\/spdortenberg.de\/wp\/wp-json\/wp\/v2\/media?parent=27"}],"curies":[{"name":"wp","href":"https:\/\/api.w.org\/{rel}","templated":true}]}}