{"id":260,"date":"2021-02-06T10:20:48","date_gmt":"2021-02-06T09:20:48","guid":{"rendered":"https:\/\/spdortenberg.de\/wp\/?page_id=260"},"modified":"2021-02-08T11:46:38","modified_gmt":"2021-02-08T10:46:38","slug":"kandidatinnen_2021","status":"publish","type":"page","link":"https:\/\/spdortenberg.de\/wp\/kandidatinnen_2021\/","title":{"rendered":"KandidatInnen Kommunalwahl 2021"},"content":{"rendered":"<h1 style=\"text-align: left;\">Unsere Kandidatinnen und Kandidaten f\u00fcr die Kommunalwahl 2021<strong><br \/>\n<\/strong><\/h1>\n<p>&nbsp;<\/p>\n<table>\n<tbody>\n<tr>\n<td><a href=\"https:\/\/spdortenberg.de\/wp\/2021\/02\/06\/ute-arendt-soehngen\/\"><img loading=\"lazy\" decoding=\"async\" class=\"size-medium wp-image-266 alignnone\" src=\"https:\/\/spdortenberg.de\/wp\/wp-content\/uploads\/2021\/02\/Ute_Arendt-Soehngen-300x188.jpg\" alt=\"\" width=\"300\" height=\"188\" \/><\/a><br \/>\n<a href=\"https:\/\/spdortenberg.de\/wp\/2021\/02\/06\/ute-arendt-soehngen\/\">Ute Arendt-S\u00f6hngen<\/a><br \/>\nWippenbach<\/td>\n<td><a href=\"https:\/\/spdortenberg.de\/wp\/2021\/02\/06\/ulrike-pfeiffer-pantring\/\"><img loading=\"lazy\" decoding=\"async\" class=\"size-medium wp-image-266 alignnone\" src=\"https:\/\/spdortenberg.de\/wp\/wp-content\/uploads\/2021\/02\/Ulrike_Pfeiffer-Pantring-300x188.jpg\" alt=\"\" width=\"300\" height=\"188\" srcset=\"https:\/\/spdortenberg.de\/wp\/wp-content\/uploads\/2021\/02\/Ulrike_Pfeiffer-Pantring-300x188.jpg 300w, https:\/\/spdortenberg.de\/wp\/wp-content\/uploads\/2021\/02\/Ulrike_Pfeiffer-Pantring-768x481.jpg 768w, https:\/\/spdortenberg.de\/wp\/wp-content\/uploads\/2021\/02\/Ulrike_Pfeiffer-Pantring.jpg 1005w\" sizes=\"auto, (max-width: 300px) 100vw, 300px\" \/><\/a><br \/>\n<a href=\"https:\/\/spdortenberg.de\/wp\/2021\/02\/06\/ulrike-pfeiffer-pantring\/\">Ulrike Pfeiffer-Pantring<\/a><br \/>\nOrtenberg<\/td>\n<\/tr>\n<tr>\n<td><a href=\"https:\/\/spdortenberg.de\/wp\/2021\/02\/06\/albert-kroell\/\"><img loading=\"lazy\" decoding=\"async\" class=\"size-medium wp-image-267 alignnone\" src=\"https:\/\/spdortenberg.de\/wp\/wp-content\/uploads\/2021\/02\/Albert_Kroell-300x188.jpg\" alt=\"\" width=\"300\" height=\"188\" srcset=\"https:\/\/spdortenberg.de\/wp\/wp-content\/uploads\/2021\/02\/Albert_Kroell-300x188.jpg 300w, https:\/\/spdortenberg.de\/wp\/wp-content\/uploads\/2021\/02\/Albert_Kroell-768x481.jpg 768w, https:\/\/spdortenberg.de\/wp\/wp-content\/uploads\/2021\/02\/Albert_Kroell.jpg 1005w\" sizes=\"auto, (max-width: 300px) 100vw, 300px\" \/><\/a><br \/>\n<a href=\"https:\/\/spdortenberg.de\/wp\/2021\/02\/06\/albert-kroell\/\">Albert Kr\u00f6ll<\/a><br \/>\nBergheim<\/td>\n<td><a href=\"https:\/\/spdortenberg.de\/wp\/2021\/02\/06\/christl-knoepp\/\"><img loading=\"lazy\" decoding=\"async\" class=\"wp-image-268 size-medium alignnone\" src=\"https:\/\/spdortenberg.de\/wp\/wp-content\/uploads\/2021\/02\/Christl_Knoepp-300x188.jpg\" alt=\"\" width=\"300\" height=\"188\" \/><\/a><br \/>\n<a href=\"https:\/\/spdortenberg.de\/wp\/2021\/02\/06\/christl-knoepp\/\">Christl Kn\u00f6pp<\/a><br \/>\nEffolderbach<\/td>\n<\/tr>\n<tr>\n<td><a href=\"https:\/\/spdortenberg.de\/wp\/2021\/02\/06\/jens-kraft\/\"><img loading=\"lazy\" decoding=\"async\" class=\"size-medium wp-image-269 alignnone\" src=\"https:\/\/spdortenberg.de\/wp\/wp-content\/uploads\/2021\/02\/Jens_Kraft-300x188.jpg\" alt=\"\" width=\"300\" height=\"188\" srcset=\"https:\/\/spdortenberg.de\/wp\/wp-content\/uploads\/2021\/02\/Jens_Kraft-300x188.jpg 300w, https:\/\/spdortenberg.de\/wp\/wp-content\/uploads\/2021\/02\/Jens_Kraft-768x481.jpg 768w, https:\/\/spdortenberg.de\/wp\/wp-content\/uploads\/2021\/02\/Jens_Kraft.jpg 1005w\" sizes=\"auto, (max-width: 300px) 100vw, 300px\" \/><\/a><br \/>\n<a href=\"https:\/\/spdortenberg.de\/wp\/2021\/02\/06\/jens-kraft\/\">Jens Kraft<\/a><br \/>\nBleichenbach<\/td>\n<td><a href=\"https:\/\/spdortenberg.de\/wp\/2021\/02\/06\/mario-mogk\/\"><img loading=\"lazy\" decoding=\"async\" class=\"size-medium wp-image-270 alignnone\" src=\"https:\/\/spdortenberg.de\/wp\/wp-content\/uploads\/2021\/02\/Mario_Mogk-300x188.jpg\" alt=\"\" width=\"300\" height=\"188\" \/><\/a><br \/>\n<a href=\"https:\/\/spdortenberg.de\/wp\/2021\/02\/06\/mario-mogk\/\">Mario Mogk<\/a><br \/>\nLi\u00dfberg<\/td>\n<\/tr>\n<tr>\n<td><a href=\"https:\/\/spdortenberg.de\/wp\/2021\/02\/06\/edgar-eiser\/\"><img loading=\"lazy\" decoding=\"async\" class=\"size-medium wp-image-271 alignnone\" src=\"https:\/\/spdortenberg.de\/wp\/wp-content\/uploads\/2021\/02\/Edgar_Eiser-300x188.jpg\" alt=\"\" width=\"300\" height=\"188\" srcset=\"https:\/\/spdortenberg.de\/wp\/wp-content\/uploads\/2021\/02\/Edgar_Eiser-300x188.jpg 300w, https:\/\/spdortenberg.de\/wp\/wp-content\/uploads\/2021\/02\/Edgar_Eiser-768x481.jpg 768w, https:\/\/spdortenberg.de\/wp\/wp-content\/uploads\/2021\/02\/Edgar_Eiser.jpg 1005w\" sizes=\"auto, (max-width: 300px) 100vw, 300px\" \/><\/a><br \/>\n<a href=\"https:\/\/spdortenberg.de\/wp\/2021\/02\/06\/edgar-eiser\/\">Edgar Eiser<\/a><br \/>\nGelnhaar<\/td>\n<td><a href=\"https:\/\/spdortenberg.de\/wp\/2021\/02\/06\/winfried-blum\/\"><img loading=\"lazy\" decoding=\"async\" class=\"size-medium wp-image-272 alignnone\" src=\"https:\/\/spdortenberg.de\/wp\/wp-content\/uploads\/2021\/02\/Winfried_Blum-300x188.jpg\" alt=\"\" width=\"300\" height=\"188\" srcset=\"https:\/\/spdortenberg.de\/wp\/wp-content\/uploads\/2021\/02\/Winfried_Blum-300x188.jpg 300w, https:\/\/spdortenberg.de\/wp\/wp-content\/uploads\/2021\/02\/Winfried_Blum-768x481.jpg 768w, https:\/\/spdortenberg.de\/wp\/wp-content\/uploads\/2021\/02\/Winfried_Blum.jpg 1005w\" sizes=\"auto, (max-width: 300px) 100vw, 300px\" \/><\/a><br \/>\n<a href=\"https:\/\/spdortenberg.de\/wp\/2021\/02\/06\/winfried-blum\/\">Winfried Blum<\/a><br \/>\nUsenborn<\/td>\n<\/tr>\n<tr>\n<td><a href=\"https:\/\/spdortenberg.de\/wp\/2021\/02\/06\/andreas-nicht\/\"><img loading=\"lazy\" decoding=\"async\" class=\"size-medium wp-image-273 alignnone\" src=\"https:\/\/spdortenberg.de\/wp\/wp-content\/uploads\/2021\/02\/Andreas_Nicht-300x188.jpg\" alt=\"\" width=\"300\" height=\"188\" \/><\/a><br \/>\n<a href=\"https:\/\/spdortenberg.de\/wp\/2021\/02\/06\/andreas-nicht\/\">Andreas Nicht<\/a><br \/>\nSelters\/Konradsdorf<\/td>\n<td><a href=\"https:\/\/spdortenberg.de\/wp\/2021\/02\/06\/sven-franz\/\"><img loading=\"lazy\" decoding=\"async\" class=\"size-medium wp-image-274 alignnone\" src=\"https:\/\/spdortenberg.de\/wp\/wp-content\/uploads\/2021\/02\/Sven_Franz-300x188.jpg\" alt=\"\" width=\"300\" height=\"188\" srcset=\"https:\/\/spdortenberg.de\/wp\/wp-content\/uploads\/2021\/02\/Sven_Franz-300x188.jpg 300w, https:\/\/spdortenberg.de\/wp\/wp-content\/uploads\/2021\/02\/Sven_Franz-768x481.jpg 768w, https:\/\/spdortenberg.de\/wp\/wp-content\/uploads\/2021\/02\/Sven_Franz.jpg 1005w\" sizes=\"auto, (max-width: 300px) 100vw, 300px\" \/><\/a><br \/>\n<a href=\"https:\/\/spdortenberg.de\/wp\/2021\/02\/06\/sven-franz\/\">Sven Franz<\/a><br \/>\nOrtenberg<\/td>\n<\/tr>\n<tr>\n<td><a href=\"https:\/\/spdortenberg.de\/wp\/2021\/02\/06\/cornelia-reichard\/\"><img loading=\"lazy\" decoding=\"async\" class=\"size-medium wp-image-275 alignnone\" src=\"https:\/\/spdortenberg.de\/wp\/wp-content\/uploads\/2021\/02\/Cornelia_Reichard-300x188.jpg\" alt=\"\" width=\"300\" height=\"188\" \/><\/a><br \/>\n<a href=\"https:\/\/spdortenberg.de\/wp\/2021\/02\/06\/cornelia-reichard\/\">Cornelia Reichard<\/a><br \/>\nLi\u00dfberg<\/td>\n<td><a href=\"https:\/\/spdortenberg.de\/wp\/2021\/02\/06\/marco-henes\/\"><img loading=\"lazy\" decoding=\"async\" class=\"size-medium wp-image-276 alignnone\" src=\"https:\/\/spdortenberg.de\/wp\/wp-content\/uploads\/2021\/02\/Marco_Henes-300x188.jpg\" alt=\"\" width=\"300\" height=\"188\" srcset=\"https:\/\/spdortenberg.de\/wp\/wp-content\/uploads\/2021\/02\/Marco_Henes-300x188.jpg 300w, https:\/\/spdortenberg.de\/wp\/wp-content\/uploads\/2021\/02\/Marco_Henes-768x481.jpg 768w, https:\/\/spdortenberg.de\/wp\/wp-content\/uploads\/2021\/02\/Marco_Henes.jpg 1005w\" sizes=\"auto, (max-width: 300px) 100vw, 300px\" \/><\/a><br \/>\n<a href=\"https:\/\/spdortenberg.de\/wp\/2021\/02\/06\/marco-henes\/\">Marco Henes<\/a><br \/>\nWippenbach<\/td>\n<\/tr>\n<tr>\n<td><a href=\"https:\/\/spdortenberg.de\/wp\/2021\/02\/06\/johannes-giar\/\"><img loading=\"lazy\" decoding=\"async\" class=\"size-medium wp-image-277 alignnone\" src=\"https:\/\/spdortenberg.de\/wp\/wp-content\/uploads\/2021\/02\/Johannes_Giar-300x188.jpg\" alt=\"\" width=\"300\" height=\"188\" srcset=\"https:\/\/spdortenberg.de\/wp\/wp-content\/uploads\/2021\/02\/Johannes_Giar-300x188.jpg 300w, https:\/\/spdortenberg.de\/wp\/wp-content\/uploads\/2021\/02\/Johannes_Giar-768x481.jpg 768w, https:\/\/spdortenberg.de\/wp\/wp-content\/uploads\/2021\/02\/Johannes_Giar.jpg 1005w\" sizes=\"auto, (max-width: 300px) 100vw, 300px\" \/><\/a><br \/>\n<a href=\"https:\/\/spdortenberg.de\/wp\/2021\/02\/06\/johannes-giar\/\">Johannes Giar<\/a><br \/>\nOrtenberg<\/td>\n<td><a href=\"https:\/\/spdortenberg.de\/wp\/2021\/02\/06\/henrike-strauch\/\"><img loading=\"lazy\" decoding=\"async\" class=\"size-medium wp-image-278 alignnone\" src=\"https:\/\/spdortenberg.de\/wp\/wp-content\/uploads\/2021\/02\/Henrike_Strauch-300x188.jpg\" alt=\"\" width=\"300\" height=\"188\" srcset=\"https:\/\/spdortenberg.de\/wp\/wp-content\/uploads\/2021\/02\/Henrike_Strauch-300x188.jpg 300w, https:\/\/spdortenberg.de\/wp\/wp-content\/uploads\/2021\/02\/Henrike_Strauch-768x481.jpg 768w, https:\/\/spdortenberg.de\/wp\/wp-content\/uploads\/2021\/02\/Henrike_Strauch.jpg 1005w\" sizes=\"auto, (max-width: 300px) 100vw, 300px\" \/><\/a><br \/>\n<a href=\"https:\/\/spdortenberg.de\/wp\/2021\/02\/06\/henrike-strauch\/\">Henrike Strauch<\/a><br \/>\nEffolderbach<\/td>\n<\/tr>\n<tr>\n<td><a href=\"https:\/\/spdortenberg.de\/wp\/2021\/02\/06\/jochen-heyermann\/\"><img loading=\"lazy\" decoding=\"async\" class=\"size-medium wp-image-279 alignnone\" src=\"https:\/\/spdortenberg.de\/wp\/wp-content\/uploads\/2021\/02\/Jochen_Heyermann-300x188.jpg\" alt=\"\" width=\"300\" height=\"188\" srcset=\"https:\/\/spdortenberg.de\/wp\/wp-content\/uploads\/2021\/02\/Jochen_Heyermann-300x188.jpg 300w, https:\/\/spdortenberg.de\/wp\/wp-content\/uploads\/2021\/02\/Jochen_Heyermann-768x481.jpg 768w, https:\/\/spdortenberg.de\/wp\/wp-content\/uploads\/2021\/02\/Jochen_Heyermann.jpg 1005w\" sizes=\"auto, (max-width: 300px) 100vw, 300px\" \/><\/a><br \/>\n<a href=\"https:\/\/spdortenberg.de\/wp\/2021\/02\/06\/jochen-heyermann\/\">Jochen Heyermann<\/a><br \/>\nBergheim<\/td>\n<td><a href=\"https:\/\/spdortenberg.de\/wp\/2021\/02\/06\/petra-boerner\/\"><img loading=\"lazy\" decoding=\"async\" class=\"size-medium wp-image-280 alignnone\" src=\"https:\/\/spdortenberg.de\/wp\/wp-content\/uploads\/2021\/02\/Petra_Boerner-300x188.jpg\" alt=\"\" width=\"300\" height=\"188\" \/><\/a><br \/>\n<a href=\"https:\/\/spdortenberg.de\/wp\/2021\/02\/06\/petra-boerner\/\">Petra B\u00f6rner<\/a><br \/>\nSelters<\/td>\n<\/tr>\n<tr>\n<td><a href=\"https:\/\/spdortenberg.de\/wp\/2021\/02\/06\/marius-piee\/\"><img loading=\"lazy\" decoding=\"async\" class=\"size-medium wp-image-281 alignnone\" src=\"https:\/\/spdortenberg.de\/wp\/wp-content\/uploads\/2021\/02\/Marius-Piee-300x188.jpg\" alt=\"\" width=\"300\" height=\"188\" srcset=\"https:\/\/spdortenberg.de\/wp\/wp-content\/uploads\/2021\/02\/Marius-Piee-300x188.jpg 300w, https:\/\/spdortenberg.de\/wp\/wp-content\/uploads\/2021\/02\/Marius-Piee-768x481.jpg 768w, https:\/\/spdortenberg.de\/wp\/wp-content\/uploads\/2021\/02\/Marius-Piee.jpg 1005w\" sizes=\"auto, (max-width: 300px) 100vw, 300px\" \/><\/a><br \/>\n<a href=\"https:\/\/spdortenberg.de\/wp\/2021\/02\/06\/marius-piee\/\">Marius Pie\u00e9<\/a><br \/>\nBleichenbach<\/td>\n<td><a href=\"https:\/\/spdortenberg.de\/wp\/2021\/02\/06\/rigobert-oberlaender-simanavicius\/\"><img loading=\"lazy\" decoding=\"async\" class=\"size-medium wp-image-282 alignnone\" src=\"https:\/\/spdortenberg.de\/wp\/wp-content\/uploads\/2021\/02\/Rigobert_Oberlaender_Simanavicius-300x188.jpg\" alt=\"\" width=\"300\" height=\"188\" \/><\/a><br \/>\n<a href=\"https:\/\/spdortenberg.de\/wp\/2021\/02\/06\/rigobert-oberlaender-simanavicius\/\">Rigobert Oberl\u00e4nder-Simanavicius<\/a><br \/>\nLi\u00dfberg<\/td>\n<\/tr>\n<tr>\n<td><a href=\"https:\/\/spdortenberg.de\/wp\/2021\/02\/06\/susanne-meuer\/\"><img loading=\"lazy\" decoding=\"async\" class=\"size-medium wp-image-283 alignnone\" src=\"https:\/\/spdortenberg.de\/wp\/wp-content\/uploads\/2021\/02\/Susanne_Meuer-300x188.jpg\" alt=\"\" width=\"300\" height=\"188\" srcset=\"https:\/\/spdortenberg.de\/wp\/wp-content\/uploads\/2021\/02\/Susanne_Meuer-300x188.jpg 300w, https:\/\/spdortenberg.de\/wp\/wp-content\/uploads\/2021\/02\/Susanne_Meuer-768x481.jpg 768w, https:\/\/spdortenberg.de\/wp\/wp-content\/uploads\/2021\/02\/Susanne_Meuer.jpg 1005w\" sizes=\"auto, (max-width: 300px) 100vw, 300px\" \/><\/a><br \/>\n<a href=\"https:\/\/spdortenberg.de\/wp\/2021\/02\/06\/susanne-meuer\/\">Susanne Meuer<\/a><br \/>\nWippenbach<\/td>\n<td><a href=\"https:\/\/spdortenberg.de\/wp\/2021\/02\/06\/dr-detlef-pantring\/\"><img loading=\"lazy\" decoding=\"async\" class=\"size-medium wp-image-284 alignnone\" src=\"https:\/\/spdortenberg.de\/wp\/wp-content\/uploads\/2021\/02\/Detlef_Pantring-300x188.jpg\" alt=\"\" width=\"300\" height=\"188\" srcset=\"https:\/\/spdortenberg.de\/wp\/wp-content\/uploads\/2021\/02\/Detlef_Pantring-300x188.jpg 300w, https:\/\/spdortenberg.de\/wp\/wp-content\/uploads\/2021\/02\/Detlef_Pantring-768x481.jpg 768w, https:\/\/spdortenberg.de\/wp\/wp-content\/uploads\/2021\/02\/Detlef_Pantring.jpg 1005w\" sizes=\"auto, (max-width: 300px) 100vw, 300px\" \/><\/a><br \/>\n<a href=\"https:\/\/spdortenberg.de\/wp\/2021\/02\/06\/dr-detlef-pantring\/\">Dr. Detlef Pantring<\/a><br \/>\nOrtenberg<\/td>\n<\/tr>\n<tr>\n<td><a href=\"https:\/\/spdortenberg.de\/wp\/2021\/02\/06\/horst-ringel\/\"><img loading=\"lazy\" decoding=\"async\" class=\"size-medium wp-image-285 alignnone\" src=\"https:\/\/spdortenberg.de\/wp\/wp-content\/uploads\/2021\/02\/Horst_Ringel-300x188.jpg\" alt=\"\" width=\"300\" height=\"188\" srcset=\"https:\/\/spdortenberg.de\/wp\/wp-content\/uploads\/2021\/02\/Horst_Ringel-300x188.jpg 300w, https:\/\/spdortenberg.de\/wp\/wp-content\/uploads\/2021\/02\/Horst_Ringel-768x481.jpg 768w, https:\/\/spdortenberg.de\/wp\/wp-content\/uploads\/2021\/02\/Horst_Ringel.jpg 980w\" sizes=\"auto, (max-width: 300px) 100vw, 300px\" \/><\/a><br \/>\n<a href=\"https:\/\/spdortenberg.de\/wp\/2021\/02\/06\/horst-ringel\/\">Horst Ringel<\/a><br \/>\nSelters<\/td>\n<td><a href=\"https:\/\/spdortenberg.de\/wp\/2021\/02\/06\/yvonne-geiseler\/\"><img loading=\"lazy\" decoding=\"async\" class=\"size-medium wp-image-286 alignnone\" src=\"https:\/\/spdortenberg.de\/wp\/wp-content\/uploads\/2021\/02\/Yvonne_Geiseler-300x188.jpg\" alt=\"\" width=\"300\" height=\"188\" srcset=\"https:\/\/spdortenberg.de\/wp\/wp-content\/uploads\/2021\/02\/Yvonne_Geiseler-300x188.jpg 300w, https:\/\/spdortenberg.de\/wp\/wp-content\/uploads\/2021\/02\/Yvonne_Geiseler-768x481.jpg 768w, https:\/\/spdortenberg.de\/wp\/wp-content\/uploads\/2021\/02\/Yvonne_Geiseler.jpg 1005w\" sizes=\"auto, (max-width: 300px) 100vw, 300px\" \/><\/a><br \/>\n<a href=\"https:\/\/spdortenberg.de\/wp\/2021\/02\/06\/yvonne-geiseler\/\">Yvonne Geiseler<\/a><br \/>\nGelnhaar<\/td>\n<\/tr>\n<tr>\n<td><a href=\"https:\/\/spdortenberg.de\/wp\/2021\/02\/06\/vanessa-giar\/\"><img loading=\"lazy\" decoding=\"async\" class=\"size-medium wp-image-287 alignnone\" src=\"https:\/\/spdortenberg.de\/wp\/wp-content\/uploads\/2021\/02\/Vanessa_Giar-300x188.jpg\" alt=\"\" width=\"300\" height=\"188\" srcset=\"https:\/\/spdortenberg.de\/wp\/wp-content\/uploads\/2021\/02\/Vanessa_Giar-300x188.jpg 300w, https:\/\/spdortenberg.de\/wp\/wp-content\/uploads\/2021\/02\/Vanessa_Giar-768x481.jpg 768w, https:\/\/spdortenberg.de\/wp\/wp-content\/uploads\/2021\/02\/Vanessa_Giar.jpg 980w\" sizes=\"auto, (max-width: 300px) 100vw, 300px\" \/><\/a><br \/>\n<a href=\"https:\/\/spdortenberg.de\/wp\/2021\/02\/06\/vanessa-giar\/\">Vanessa Giar<\/a><br \/>\nOrtenberg<\/td>\n<td><a href=\"https:\/\/spdortenberg.de\/wp\/2021\/02\/06\/udo-schaedel\/\"><img loading=\"lazy\" decoding=\"async\" class=\"size-medium wp-image-288 alignnone\" src=\"https:\/\/spdortenberg.de\/wp\/wp-content\/uploads\/2021\/02\/Udo_Schaedel-300x188.jpg\" alt=\"\" width=\"300\" height=\"188\" \/><\/a><br \/>\n<a href=\"https:\/\/spdortenberg.de\/wp\/2021\/02\/06\/udo-schaedel\/\">Udo Sch\u00e4del<\/a><br \/>\nSelters<\/td>\n<\/tr>\n<tr>\n<td><a href=\"https:\/\/spdortenberg.de\/wp\/2021\/02\/06\/harald-steiper\/\"><img loading=\"lazy\" decoding=\"async\" class=\"size-medium wp-image-289 alignnone\" src=\"https:\/\/spdortenberg.de\/wp\/wp-content\/uploads\/2021\/02\/Harald_Steiper-300x169.jpg\" alt=\"\" width=\"300\" height=\"169\" srcset=\"https:\/\/spdortenberg.de\/wp\/wp-content\/uploads\/2021\/02\/Harald_Steiper-300x169.jpg 300w, https:\/\/spdortenberg.de\/wp\/wp-content\/uploads\/2021\/02\/Harald_Steiper-1024x577.jpg 1024w, https:\/\/spdortenberg.de\/wp\/wp-content\/uploads\/2021\/02\/Harald_Steiper-768x433.jpg 768w, https:\/\/spdortenberg.de\/wp\/wp-content\/uploads\/2021\/02\/Harald_Steiper-1536x865.jpg 1536w, https:\/\/spdortenberg.de\/wp\/wp-content\/uploads\/2021\/02\/Harald_Steiper-1600x901.jpg 1600w, https:\/\/spdortenberg.de\/wp\/wp-content\/uploads\/2021\/02\/Harald_Steiper.jpg 1640w\" sizes=\"auto, (max-width: 300px) 100vw, 300px\" \/><\/a><br \/>\n<a href=\"https:\/\/spdortenberg.de\/wp\/2021\/02\/06\/harald-steiper\/\">Harald Steiper<\/a><br \/>\nLi\u00dfberg<\/td>\n<td><a href=\"https:\/\/spdortenberg.de\/wp\/2021\/02\/06\/udo-knoepp\/\"><img loading=\"lazy\" decoding=\"async\" class=\"size-medium wp-image-290 alignnone\" src=\"https:\/\/spdortenberg.de\/wp\/wp-content\/uploads\/2021\/02\/Udo_Knoepp-300x188.jpg\" alt=\"\" width=\"300\" height=\"188\" srcset=\"https:\/\/spdortenberg.de\/wp\/wp-content\/uploads\/2021\/02\/Udo_Knoepp-300x188.jpg 300w, https:\/\/spdortenberg.de\/wp\/wp-content\/uploads\/2021\/02\/Udo_Knoepp-768x481.jpg 768w, https:\/\/spdortenberg.de\/wp\/wp-content\/uploads\/2021\/02\/Udo_Knoepp.jpg 980w\" sizes=\"auto, (max-width: 300px) 100vw, 300px\" \/><\/a><br \/>\n<a href=\"https:\/\/spdortenberg.de\/wp\/2021\/02\/06\/udo-knoepp\/\">Udo <\/a><a href=\"https:\/\/spdortenberg.de\/wp\/2021\/02\/06\/udo-knoepp\/\">Kn\u00f6pp<\/a><br \/>\nEffolderbach<\/td>\n<\/tr>\n<tr>\n<td><a href=\"https:\/\/spdortenberg.de\/wp\/2021\/02\/06\/guenter-schwarz\/\"><img loading=\"lazy\" decoding=\"async\" class=\"size-medium wp-image-291 alignnone\" src=\"https:\/\/spdortenberg.de\/wp\/wp-content\/uploads\/2021\/02\/Guenter_Schwarz-300x188.jpg\" alt=\"\" width=\"300\" height=\"188\" srcset=\"https:\/\/spdortenberg.de\/wp\/wp-content\/uploads\/2021\/02\/Guenter_Schwarz-300x188.jpg 300w, https:\/\/spdortenberg.de\/wp\/wp-content\/uploads\/2021\/02\/Guenter_Schwarz-768x482.jpg 768w, https:\/\/spdortenberg.de\/wp\/wp-content\/uploads\/2021\/02\/Guenter_Schwarz.jpg 960w\" sizes=\"auto, (max-width: 300px) 100vw, 300px\" \/><\/a><br \/>\n<a href=\"https:\/\/spdortenberg.de\/wp\/2021\/02\/06\/guenter-schwarz\/\">G\u00fcnter Schwarz<\/a><br \/>\nBleichenbach<\/td>\n<td><a style=\"color: rgba(57, 186, 243, 0.8); outline: 0px;\" href=\"https:\/\/spdortenberg.de\/wp\/2021\/02\/06\/wilhelm-schember\/\"><img loading=\"lazy\" decoding=\"async\" class=\"size-medium wp-image-292 alignnone\" src=\"https:\/\/spdortenberg.de\/wp\/wp-content\/uploads\/2021\/02\/Wilhelm_Schember-300x188.jpg\" alt=\"\" width=\"300\" height=\"188\" srcset=\"https:\/\/spdortenberg.de\/wp\/wp-content\/uploads\/2021\/02\/Wilhelm_Schember-300x188.jpg 300w, https:\/\/spdortenberg.de\/wp\/wp-content\/uploads\/2021\/02\/Wilhelm_Schember-768x481.jpg 768w, https:\/\/spdortenberg.de\/wp\/wp-content\/uploads\/2021\/02\/Wilhelm_Schember.jpg 980w\" sizes=\"auto, (max-width: 300px) 100vw, 300px\" \/><\/a><br \/>\n<a style=\"background-color: #ffffff;\" href=\"https:\/\/spdortenberg.de\/wp\/2021\/02\/06\/wilhelm-schember\/\">Wilhelm Schember<\/a><br \/>\nOrtenberg<\/td>\n<\/tr>\n<\/tbody>\n<\/table>\n<p style=\"text-align: center;\"><span style=\"color: #000000;\"><strong>+++F\u00fcr dich &#8211; F\u00fcr uns &#8211; F\u00fcr unsere Stadt+++<\/strong><\/span><\/p>\n<p style=\"text-align: center;\"><span style=\"color: #000000;\"><strong>Am 14.M\u00e4rz SPD w\u00e4hlen!<\/strong><\/span><\/p>\n","protected":false},"excerpt":{"rendered":"<p>Unsere Kandidatinnen und Kandidaten f\u00fcr die Kommunalwahl 2021 &nbsp; Ute Arendt-S\u00f6hngen Wippenbach Ulrike Pfeiffer-Pantring Ortenberg Albert Kr\u00f6ll Bergheim Christl Kn\u00f6pp&hellip;<\/p>\n","protected":false},"author":2,"featured_media":0,"parent":0,"menu_order":0,"comment_status":"closed","ping_status":"closed","template":"","meta":{"footnotes":""},"class_list":["post-260","page","type-page","status-publish","hentry"],"_links":{"self":[{"href":"https:\/\/spdortenberg.de\/wp\/wp-json\/wp\/v2\/pages\/260","targetHints":{"allow":["GET"]}}],"collection":[{"href":"https:\/\/spdortenberg.de\/wp\/wp-json\/wp\/v2\/pages"}],"about":[{"href":"https:\/\/spdortenberg.de\/wp\/wp-json\/wp\/v2\/types\/page"}],"author":[{"embeddable":true,"href":"https:\/\/spdortenberg.de\/wp\/wp-json\/wp\/v2\/users\/2"}],"replies":[{"embeddable":true,"href":"https:\/\/spdortenberg.de\/wp\/wp-json\/wp\/v2\/comments?post=260"}],"version-history":[{"count":26,"href":"https:\/\/spdortenberg.de\/wp\/wp-json\/wp\/v2\/pages\/260\/revisions"}],"predecessor-version":[{"id":535,"href":"https:\/\/spdortenberg.de\/wp\/wp-json\/wp\/v2\/pages\/260\/revisions\/535"}],"wp:attachment":[{"href":"https:\/\/spdortenberg.de\/wp\/wp-json\/wp\/v2\/media?parent=260"}],"curies":[{"name":"wp","href":"https:\/\/api.w.org\/{rel}","templated":true}]}}